{"id":771,"date":"2022-11-23T19:59:38","date_gmt":"2022-11-23T19:59:38","guid":{"rendered":"https:\/\/www.zehnzebras.de\/?page_id=771"},"modified":"2022-11-23T19:59:38","modified_gmt":"2022-11-23T19:59:38","slug":"markierungen-rad-fussweg-kreuzungen","status":"publish","type":"page","link":"https:\/\/www.zehnzebras.de\/?page_id=771","title":{"rendered":"Markierungen Rad-\/Fu\u00dfweg-Kreuzungen"},"content":{"rendered":"\n<p>Die Gemeinde Steinbergkirche plant, die unfalltr\u00e4chtigen Kreuzungen von Rad- und Fu\u00dfwegen mit Stra\u00dfen nach dem Vorbild der Gemeinden Satrup und S\u00f6rup mit einem roten Streifen zu markieren.<\/p>\n\n\n\n<iframe loading=\"lazy\" allowfullscreen=\"\" src=\"\/\/umap.osm.ch\/de\/map\/markierungen-fu-radweg-kreuzungen_5176?scaleControl=false&amp;miniMap=false&amp;scrollWheelZoom=false&amp;zoomControl=true&amp;allowEdit=false&amp;moreControl=true&amp;searchControl=null&amp;tilelayersControl=null&amp;embedControl=null&amp;datalayersControl=true&amp;onLoadPanel=undefined&amp;captionBar=false\" width=\"100%\" height=\"300px\" frameborder=\"0\"><\/iframe><p><a href=\"\/\/umap.osm.ch\/de\/map\/markierungen-fu-radweg-kreuzungen_5176\">Vollbildanzeige<\/a><\/p>\n\n\n\n<p>Die dargestellte Karte beinhaltet die m\u00f6glichen Orte f\u00fcr eine Markierung. Die Gemeindevertreter sind aufgerufen, daraus die relevanten und finanzierbaren festzulegen.<\/p>\n","protected":false},"excerpt":{"rendered":"<p>Die Gemeinde Steinbergkirche plant, die unfalltr\u00e4chtigen Kreuzungen von Rad- und Fu\u00dfwegen mit Stra\u00dfen nach dem Vorbild der Gemeinden Satrup und S\u00f6rup mit einem roten Streifen zu markieren. Vollbildanzeige Die dargestellte &hellip; <\/p>\n<p class=\"link-more\"><a href=\"https:\/\/www.zehnzebras.de\/?page_id=771\" class=\"more-link\"><span class=\"screen-reader-text\">\u201eMarkierungen Rad-\/Fu\u00dfweg-Kreuzungen\u201c <\/span>weiterlesen<\/a><\/p>\n","protected":false},"author":2,"featured_media":775,"parent":0,"menu_order":0,"comment_status":"open","ping_status":"closed","template":"","meta":{"footnotes":""},"class_list":["post-771","page","type-page","status-publish","has-post-thumbnail","hentry"],"_links":{"self":[{"href":"https:\/\/www.zehnzebras.de\/index.php?rest_route=\/wp\/v2\/pages\/771","targetHints":{"allow":["GET"]}}],"collection":[{"href":"https:\/\/www.zehnzebras.de\/index.php?rest_route=\/wp\/v2\/pages"}],"about":[{"href":"https:\/\/www.zehnzebras.de\/index.php?rest_route=\/wp\/v2\/types\/page"}],"author":[{"embeddable":true,"href":"https:\/\/www.zehnzebras.de\/index.php?rest_route=\/wp\/v2\/users\/2"}],"replies":[{"embeddable":true,"href":"https:\/\/www.zehnzebras.de\/index.php?rest_route=%2Fwp%2Fv2%2Fcomments&post=771"}],"version-history":[{"count":4,"href":"https:\/\/www.zehnzebras.de\/index.php?rest_route=\/wp\/v2\/pages\/771\/revisions"}],"predecessor-version":[{"id":776,"href":"https:\/\/www.zehnzebras.de\/index.php?rest_route=\/wp\/v2\/pages\/771\/revisions\/776"}],"wp:featuredmedia":[{"embeddable":true,"href":"https:\/\/www.zehnzebras.de\/index.php?rest_route=\/wp\/v2\/media\/775"}],"wp:attachment":[{"href":"https:\/\/www.zehnzebras.de\/index.php?rest_route=%2Fwp%2Fv2%2Fmedia&parent=771"}],"curies":[{"name":"wp","href":"https:\/\/api.w.org\/{rel}","templated":true}]}}