{"id":609,"date":"2021-08-31T07:24:59","date_gmt":"2021-08-31T07:24:59","guid":{"rendered":"https:\/\/www.zehnzebras.de\/?page_id=609"},"modified":"2021-09-16T14:23:30","modified_gmt":"2021-09-16T14:23:30","slug":"thematischer-spaziergang-europaeische-mobilitaetswoche-2021","status":"publish","type":"page","link":"https:\/\/www.zehnzebras.de\/?page_id=609","title":{"rendered":"Thematischer Spaziergang &#8211; Europ\u00e4ische Mobilit\u00e4tswoche 2021"},"content":{"rendered":"\n<p>Am Dienstag, den <strong>21. September findet von 14:00 bis ca. 16:00 Uhr<\/strong> der Thematische Spaziergang im Rahmen der Europ\u00e4ischen Mobilit\u00e4tswoche in Steinbergkirche statt.<\/p>\n\n\n\n<p>Ziel des Spaziergangs soll sein, die <strong>Barrierefreiheit des Dorfkerns<\/strong> zu \u00fcberpr\u00fcfen. Dazu laden wir insbesondere auch Behinderte und Senioren mit Rollator oder Rollstuhl zur Teilnahme ein.<\/p>\n\n\n\n<p><strong>Start und Ziel <\/strong>wird der Platz vor dem K\u00fcchenstudio \/ Eisdiele sein. Der Rundgang f\u00fchrt dann bis zur Apotheke, zur\u00fcck \u00fcber die Ampelkreuzung an der Kirche vorbei in die Meiereistra\u00dfe. Von dort zum neuen Einkaufszentrum, vorbei an Stolz und am alten Einkaufszentrum. Wir versuchen dann \u00fcber die B199 zum Amtsgeb\u00e4ude und zur\u00fcck zum Ausgangspunkt zu gehen.<\/p>\n\n\n\n<p>Wir stellen f\u00fcr den Spaziergang Begleitpersonal, einerseits zur Sicherheit der Teilnehmer, aber auch um die Schwachstellen in einem Fragebogen festzuhalten. Wenn Sie selbst mit einer Begleitperson erscheinen wollen, geben Sie es bitte bei der Anmeldung mit an.<\/p>\n\n\n\n<p>Das <strong>Sanit\u00e4tshaus Sch\u00fctt &amp; Jahn<\/strong> aus Handewitt erstellt einen eigenen Info-Stand und bringt einige Ger\u00e4te zur Ausstellung und ggf. zum Ausprobieren mit.<\/p>\n\n\n\n<div data-wp-interactive=\"core\/file\" class=\"wp-block-file\"><object data-wp-bind--hidden=\"!state.hasPdfPreview\" hidden class=\"wp-block-file__embed\" data=\"https:\/\/www.zehnzebras.de\/wp-content\/uploads\/2021\/09\/2021-09-16-EMW-Stbgk-Hz-Spaziergang.pdf\" type=\"application\/pdf\" style=\"width:100%;height:600px\" aria-label=\"Einbettung von Einbettung von EMW-Stbgk Handzettel Thematischer Spaziergang..\"><\/object><a href=\"https:\/\/www.zehnzebras.de\/wp-content\/uploads\/2021\/09\/2021-09-16-EMW-Stbgk-Hz-Spaziergang.pdf\">EMW-Stbgk Handzettel Thematischer Spaziergang<\/a><a href=\"https:\/\/www.zehnzebras.de\/wp-content\/uploads\/2021\/09\/2021-09-16-EMW-Stbgk-Hz-Spaziergang.pdf\" class=\"wp-block-file__button\" download>Herunterladen<\/a><\/div>\n\n\n\n<p><span class=\"has-inline-color has-vivid-red-color\"> <strong>Bitte nutzen Sie das unten verlinkte Anmeldeformular, wir verweisen auf alle F\u00e4lle auf die Einhaltung der Hygienema\u00dfnahmen im Rahmen der CORONA-Pandemie.<\/strong><\/span><\/p>\n\n\n\n<p><strong>Anmeldung:<\/strong><br>Wer jedoch gerne an dem Spaziergang teilnehmen m\u00f6chte, melde sich bitte in diesem <a href=\"https:\/\/www.zehnzebras.de\/?page_id=158\">Formular<\/a> an, wenn es frei geschaltet ist.<\/p>\n","protected":false},"excerpt":{"rendered":"<p>Am Dienstag, den 21. September findet von 14:00 bis ca. 16:00 Uhr der Thematische Spaziergang im Rahmen der Europ\u00e4ischen Mobilit\u00e4tswoche in Steinbergkirche statt. Ziel des Spaziergangs soll sein, die Barrierefreiheit &hellip; <\/p>\n<p class=\"link-more\"><a href=\"https:\/\/www.zehnzebras.de\/?page_id=609\" class=\"more-link\"><span class=\"screen-reader-text\">\u201eThematischer Spaziergang &#8211; Europ\u00e4ische Mobilit\u00e4tswoche 2021\u201c <\/span>weiterlesen<\/a><\/p>\n","protected":false},"author":2,"featured_media":0,"parent":0,"menu_order":0,"comment_status":"closed","ping_status":"closed","template":"","meta":{"footnotes":""},"class_list":["post-609","page","type-page","status-publish","hentry"],"_links":{"self":[{"href":"https:\/\/www.zehnzebras.de\/index.php?rest_route=\/wp\/v2\/pages\/609","targetHints":{"allow":["GET"]}}],"collection":[{"href":"https:\/\/www.zehnzebras.de\/index.php?rest_route=\/wp\/v2\/pages"}],"about":[{"href":"https:\/\/www.zehnzebras.de\/index.php?rest_route=\/wp\/v2\/types\/page"}],"author":[{"embeddable":true,"href":"https:\/\/www.zehnzebras.de\/index.php?rest_route=\/wp\/v2\/users\/2"}],"replies":[{"embeddable":true,"href":"https:\/\/www.zehnzebras.de\/index.php?rest_route=%2Fwp%2Fv2%2Fcomments&post=609"}],"version-history":[{"count":6,"href":"https:\/\/www.zehnzebras.de\/index.php?rest_route=\/wp\/v2\/pages\/609\/revisions"}],"predecessor-version":[{"id":632,"href":"https:\/\/www.zehnzebras.de\/index.php?rest_route=\/wp\/v2\/pages\/609\/revisions\/632"}],"wp:attachment":[{"href":"https:\/\/www.zehnzebras.de\/index.php?rest_route=%2Fwp%2Fv2%2Fmedia&parent=609"}],"curies":[{"name":"wp","href":"https:\/\/api.w.org\/{rel}","templated":true}]}}