{"id":601,"date":"2021-08-31T07:11:57","date_gmt":"2021-08-31T07:11:57","guid":{"rendered":"https:\/\/www.zehnzebras.de\/?page_id=601"},"modified":"2021-09-14T19:09:27","modified_gmt":"2021-09-14T19:09:27","slug":"ausstellung-e-mobilitaet-europaeische-mobilitaetswoche-2021","status":"publish","type":"page","link":"https:\/\/www.zehnzebras.de\/?page_id=601","title":{"rendered":"Ausstellung e-Mobilit\u00e4t &#8211; Europ\u00e4ische Mobilit\u00e4tswoche 2021"},"content":{"rendered":"\n<p>Am <strong>Samstag, den 18. September 2021, findet von 10:00 bis 13:00 Uhr<\/strong> eine Ausstellung von e-Mobilit\u00e4t in Steinbergkirche statt.<\/p>\n\n\n\n<p>Als Ort haben wir den Vorplatz zum Amtsgeb\u00e4ude einschlie\u00dflich des gegen\u00fcber liegenden Parkplatzes festgelegt.<\/p>\n\n\n\n<p><strong>Autohaus Lorenzen <\/strong>aus Gelting hat sich bereit erkl\u00e4rt,<\/p>\n\n\n\n<ul class=\"wp-block-list\"><li><span class=\"has-inline-color has-vivid-green-cyan-color\">Autos mit e-Antrieb<\/span> auszustellen und auch f\u00fcr Probefahrten einzuladen<\/li><\/ul>\n\n\n\n<p><strong>Renault Hartwigsen<\/strong> hat sich bereit erkl\u00e4rt, (noch nicht best\u00e4tigt)<\/p>\n\n\n\n<ul class=\"wp-block-list\"><li><span class=\"has-inline-color has-vivid-green-cyan-color\">Autos mit e-Antrieb<\/span> auszustellen und ggf. auch f\u00fcr Probefahrten einladen<\/li><li><span class=\"has-inline-color has-vivid-green-cyan-color\">e-Fahrr\u00e4der<\/span> auszustellen und zu den Themen zu beraten<\/li><\/ul>\n\n\n\n<p><strong>Fahrrad Petersen<\/strong> aus Flensburg will (noch nicht best\u00e4tigt)<\/p>\n\n\n\n<ul class=\"wp-block-list\"><li><span class=\"has-inline-color has-vivid-green-cyan-color\">Lastenr\u00e4der<\/span> zur Verf\u00fcgung stellen und ggf. auch Probefahrten erlauben<\/li><\/ul>\n\n\n\n<p>Wir von der Initiative Mobilit\u00e4tswende stellen einen Info-Stand auf und informieren auch \u00fcber Dorfshuttle und B\u00fcrgerbus sowie andere Angebote f\u00fcr Bewegung und Mobilit\u00e4t.<\/p>\n\n\n\n<p><span class=\"has-inline-color has-vivid-red-color\"><strong>Wir f\u00fchren f\u00fcr diese Veranstaltung kein allgemeines Anmeldeverfahren durch, verweisen jedoch auf die Einhaltung der Hygienema\u00dfnahmen im Rahmen der CORONA-Pandemie.<\/strong><\/span><\/p>\n\n\n\n<p>Wir nutzen f\u00fcr den Bereich die LUCA-App, f\u00fcr andere halten wir Teilnahmezettel bereit. F\u00fcr Probefahrten k\u00f6nnen Sie sich hier <a href=\"https:\/\/www.zehnzebras.de\/?page_id=158\">Anmelden<\/a><\/p>\n","protected":false},"excerpt":{"rendered":"<p>Am Samstag, den 18. September 2021, findet von 10:00 bis 13:00 Uhr eine Ausstellung von e-Mobilit\u00e4t in Steinbergkirche statt. Als Ort haben wir den Vorplatz zum Amtsgeb\u00e4ude einschlie\u00dflich des gegen\u00fcber &hellip; <\/p>\n<p class=\"link-more\"><a href=\"https:\/\/www.zehnzebras.de\/?page_id=601\" class=\"more-link\"><span class=\"screen-reader-text\">\u201eAusstellung e-Mobilit\u00e4t &#8211; Europ\u00e4ische Mobilit\u00e4tswoche 2021\u201c <\/span>weiterlesen<\/a><\/p>\n","protected":false},"author":2,"featured_media":0,"parent":0,"menu_order":0,"comment_status":"closed","ping_status":"closed","template":"","meta":{"footnotes":""},"class_list":["post-601","page","type-page","status-publish","hentry"],"_links":{"self":[{"href":"https:\/\/www.zehnzebras.de\/index.php?rest_route=\/wp\/v2\/pages\/601","targetHints":{"allow":["GET"]}}],"collection":[{"href":"https:\/\/www.zehnzebras.de\/index.php?rest_route=\/wp\/v2\/pages"}],"about":[{"href":"https:\/\/www.zehnzebras.de\/index.php?rest_route=\/wp\/v2\/types\/page"}],"author":[{"embeddable":true,"href":"https:\/\/www.zehnzebras.de\/index.php?rest_route=\/wp\/v2\/users\/2"}],"replies":[{"embeddable":true,"href":"https:\/\/www.zehnzebras.de\/index.php?rest_route=%2Fwp%2Fv2%2Fcomments&post=601"}],"version-history":[{"count":3,"href":"https:\/\/www.zehnzebras.de\/index.php?rest_route=\/wp\/v2\/pages\/601\/revisions"}],"predecessor-version":[{"id":626,"href":"https:\/\/www.zehnzebras.de\/index.php?rest_route=\/wp\/v2\/pages\/601\/revisions\/626"}],"wp:attachment":[{"href":"https:\/\/www.zehnzebras.de\/index.php?rest_route=%2Fwp%2Fv2%2Fmedia&parent=601"}],"curies":[{"name":"wp","href":"https:\/\/api.w.org\/{rel}","templated":true}]}}