{"id":597,"date":"2021-08-31T06:59:17","date_gmt":"2021-08-31T06:59:17","guid":{"rendered":"https:\/\/www.zehnzebras.de\/?page_id=597"},"modified":"2021-08-31T07:32:52","modified_gmt":"2021-08-31T07:32:52","slug":"dorfkino-europaeische-mobilitaetswoche-2021","status":"publish","type":"page","link":"https:\/\/www.zehnzebras.de\/?page_id=597","title":{"rendered":"Dorfkino Europ\u00e4ische Mobilit\u00e4tswoche 2021"},"content":{"rendered":"\n<p>Im Rahmen Europ\u00e4ische Mobilit\u00e4tswoche in Steinbergkirche zeigen wir im <strong>Dorfkino d<em>en Film &#8222;<strong>Der Lokomotivf\u00fchrer, der die Liebe suchte<\/strong>&#8222;<\/em><\/strong> am <strong>Donnerstag, den 16.September 2021 um 19:30 Uhr<\/strong>.<\/p>\n\n\n\n<p>Das Dorfkino findet im kirchlichen Gemeindehaus in Gro\u00df-Quern im gro\u00dfen Saal statt.<\/p>\n\n\n\n<p>Der Film &#8222;<strong>Der Lokomotivf\u00fchrer, der die Liebe suchte<\/strong>&#8220; handelt von ??<\/p>\n\n\n\n<p>Auf Grund der CORONA-Pandemie sind leider nur 30 Teilnehmer zugelassen. Alle Teilnehmer m\u00fcssen sich anmelden, entweder per Email an <a href=\"mailto:dlorenz@zehnzebras.de\">ZehnZebras<\/a>, per Telefon oder im <a href=\"https:\/\/www.zehnzebras.de\/?page_id=158\">Anmeldeformular<\/a>.<\/p>\n","protected":false},"excerpt":{"rendered":"<p>Im Rahmen Europ\u00e4ische Mobilit\u00e4tswoche in Steinbergkirche zeigen wir im Dorfkino den Film &#8222;Der Lokomotivf\u00fchrer, der die Liebe suchte&#8222; am Donnerstag, den 16.September 2021 um 19:30 Uhr. Das Dorfkino findet im &hellip; <\/p>\n<p class=\"link-more\"><a href=\"https:\/\/www.zehnzebras.de\/?page_id=597\" class=\"more-link\"><span class=\"screen-reader-text\">\u201eDorfkino Europ\u00e4ische Mobilit\u00e4tswoche 2021\u201c <\/span>weiterlesen<\/a><\/p>\n","protected":false},"author":2,"featured_media":0,"parent":0,"menu_order":0,"comment_status":"closed","ping_status":"closed","template":"","meta":{"footnotes":""},"class_list":["post-597","page","type-page","status-publish","hentry"],"_links":{"self":[{"href":"https:\/\/www.zehnzebras.de\/index.php?rest_route=\/wp\/v2\/pages\/597","targetHints":{"allow":["GET"]}}],"collection":[{"href":"https:\/\/www.zehnzebras.de\/index.php?rest_route=\/wp\/v2\/pages"}],"about":[{"href":"https:\/\/www.zehnzebras.de\/index.php?rest_route=\/wp\/v2\/types\/page"}],"author":[{"embeddable":true,"href":"https:\/\/www.zehnzebras.de\/index.php?rest_route=\/wp\/v2\/users\/2"}],"replies":[{"embeddable":true,"href":"https:\/\/www.zehnzebras.de\/index.php?rest_route=%2Fwp%2Fv2%2Fcomments&post=597"}],"version-history":[{"count":2,"href":"https:\/\/www.zehnzebras.de\/index.php?rest_route=\/wp\/v2\/pages\/597\/revisions"}],"predecessor-version":[{"id":613,"href":"https:\/\/www.zehnzebras.de\/index.php?rest_route=\/wp\/v2\/pages\/597\/revisions\/613"}],"wp:attachment":[{"href":"https:\/\/www.zehnzebras.de\/index.php?rest_route=%2Fwp%2Fv2%2Fmedia&parent=597"}],"curies":[{"name":"wp","href":"https:\/\/api.w.org\/{rel}","templated":true}]}}