{"id":525,"date":"2021-05-11T13:34:32","date_gmt":"2021-05-11T13:34:32","guid":{"rendered":"https:\/\/www.zehnzebras.de\/?page_id=525"},"modified":"2021-05-11T13:42:21","modified_gmt":"2021-05-11T13:42:21","slug":"radweg-steinbergkirche-husby-vorschlag","status":"publish","type":"page","link":"https:\/\/www.zehnzebras.de\/?page_id=525","title":{"rendered":"Radweg Steinbergkirche-Husby -Vorschlag"},"content":{"rendered":"\n<p>Im Rahmen der Ideenschmiede Fahrrad-Mobilit\u00e4t im Flensburger Umland wurde eine Route f\u00fcr eine Fahrradstra\u00dfe (Anlieger frei) vorgestellt, um z\u00fcgig von Steinbergkirche nach Flensburg mit dem Fahrrad zu gelangen. <\/p>\n\n\n\n<figure class=\"wp-block-image size-large\"><img loading=\"lazy\" decoding=\"async\" width=\"1024\" height=\"362\" src=\"https:\/\/www.zehnzebras.de\/wp-content\/uploads\/2021\/05\/2021-04-25-Route-Stbgk-Husby-FL-1024x362.png\" alt=\"\" class=\"wp-image-526\" srcset=\"https:\/\/www.zehnzebras.de\/wp-content\/uploads\/2021\/05\/2021-04-25-Route-Stbgk-Husby-FL-1024x362.png 1024w, https:\/\/www.zehnzebras.de\/wp-content\/uploads\/2021\/05\/2021-04-25-Route-Stbgk-Husby-FL-300x106.png 300w, https:\/\/www.zehnzebras.de\/wp-content\/uploads\/2021\/05\/2021-04-25-Route-Stbgk-Husby-FL-768x272.png 768w, https:\/\/www.zehnzebras.de\/wp-content\/uploads\/2021\/05\/2021-04-25-Route-Stbgk-Husby-FL.png 1430w\" sizes=\"auto, (max-width: 767px) 89vw, (max-width: 1000px) 54vw, (max-width: 1071px) 543px, 580px\" \/><figcaption>Fahrrad-Route Steinbergkirche &#8211; Husby mit Erweiterung nach Flensburg<\/figcaption><\/figure>\n\n\n\n<p>Dabei wurde der Schwerpunkt auf die Teilstrecke <strong>Steinbergkirche &#8211; Husby<\/strong> gelegt. Die Route f\u00fchrt von Steinbergkirche(Amtsgeb\u00e4ude) \u00fcber Elkier nach Gro\u00df-Quern, von dort \u00fcber Wolfsbr\u00fcck, Hollehitt nach Lutzh\u00f6ft. Dann weiter \u00fcber Snorrum nach Husbyries. <\/p>\n\n\n\n<p>Hier teilt sich die Route je nach Zielregion in Flensburg: Die <strong>n\u00f6rdliche Route<\/strong> f\u00fchrt in Richtung Husbym\u00fchle, dann links nach Husby, weiter \u00fcber Krim nach R\u00fcllschau und weiter Richtung Tarup bzw. Engelsby.<\/p>\n\n\n\n<p>Die <strong>s\u00fcdliche Route<\/strong> f\u00fchrt auf dem Radweg entlang der L21 nach Husby und weiter \u00fcber Wattschaukrug nach Maasb\u00fcll, um von dort nach Tarup oder \u00fcber die Hochfelder Landstra\u00dfe zum Bahnhof Flensburg, aber auch zur Universit\u00e4t oderins Peelwatt (Industriegebiet) zu gelangen.<\/p>\n","protected":false},"excerpt":{"rendered":"<p>Im Rahmen der Ideenschmiede Fahrrad-Mobilit\u00e4t im Flensburger Umland wurde eine Route f\u00fcr eine Fahrradstra\u00dfe (Anlieger frei) vorgestellt, um z\u00fcgig von Steinbergkirche nach Flensburg mit dem Fahrrad zu gelangen. Dabei wurde &hellip; <\/p>\n<p class=\"link-more\"><a href=\"https:\/\/www.zehnzebras.de\/?page_id=525\" class=\"more-link\"><span class=\"screen-reader-text\">\u201eRadweg Steinbergkirche-Husby -Vorschlag\u201c <\/span>weiterlesen<\/a><\/p>\n","protected":false},"author":2,"featured_media":0,"parent":0,"menu_order":0,"comment_status":"open","ping_status":"closed","template":"","meta":{"footnotes":""},"class_list":["post-525","page","type-page","status-publish","hentry"],"_links":{"self":[{"href":"https:\/\/www.zehnzebras.de\/index.php?rest_route=\/wp\/v2\/pages\/525","targetHints":{"allow":["GET"]}}],"collection":[{"href":"https:\/\/www.zehnzebras.de\/index.php?rest_route=\/wp\/v2\/pages"}],"about":[{"href":"https:\/\/www.zehnzebras.de\/index.php?rest_route=\/wp\/v2\/types\/page"}],"author":[{"embeddable":true,"href":"https:\/\/www.zehnzebras.de\/index.php?rest_route=\/wp\/v2\/users\/2"}],"replies":[{"embeddable":true,"href":"https:\/\/www.zehnzebras.de\/index.php?rest_route=%2Fwp%2Fv2%2Fcomments&post=525"}],"version-history":[{"count":2,"href":"https:\/\/www.zehnzebras.de\/index.php?rest_route=\/wp\/v2\/pages\/525\/revisions"}],"predecessor-version":[{"id":530,"href":"https:\/\/www.zehnzebras.de\/index.php?rest_route=\/wp\/v2\/pages\/525\/revisions\/530"}],"wp:attachment":[{"href":"https:\/\/www.zehnzebras.de\/index.php?rest_route=%2Fwp%2Fv2%2Fmedia&parent=525"}],"curies":[{"name":"wp","href":"https:\/\/api.w.org\/{rel}","templated":true}]}}