{"id":190,"date":"2020-09-16T16:17:59","date_gmt":"2020-09-16T16:17:59","guid":{"rendered":"https:\/\/www.zehnzebras.de\/?page_id=190"},"modified":"2021-07-14T16:41:27","modified_gmt":"2021-07-14T16:41:27","slug":"fahrradpruefung-fuer-ehemalige-grundschueler","status":"publish","type":"page","link":"https:\/\/www.zehnzebras.de\/?page_id=190","title":{"rendered":"Fahrradpr\u00fcfung f\u00fcr (ehemalige) Grundsch\u00fcler"},"content":{"rendered":"\n<p>Im Rahmen der Europ\u00e4ische Mobilit\u00e4tswoche in Steinbergkirche f\u00fchren wir nach etlichen Abstimmungs-Schwierigkeiten nun doch eine <strong>Fahrradpr\u00fcfung f\u00fcr die Grundsch\u00fcler in der 4.Klasse<\/strong> der Grundschule Steinbergkirche sowie die aus den Abgangsjahren 2019 und 2020 am <strong>Montag, den 21. und ggf. 22. September 2020 jeweils um 14:00  Uhr<\/strong> auf dem Schulhof der Grundschule Steinbergkirche durch.<\/p>\n\n\n\n<p>Die Sch\u00fcler der D\u00e4nischen Schule &#8222;Hatlund Langballe Danske Skole&#8220; haben nach Informationen des Pr\u00fcfers bisher alle eine abgeschlossene F\u00fchrerscheinpr\u00fcfung. Wer von den dortigen Sch\u00fclern jedoch gerne an der Schulung und dem Training an der Grundschule Steinbergkirche teilnehmen m\u00f6chte, kann dies gerne machen. Bitte auch anmelden -siehe unten.<\/p>\n\n\n\n<p>Der Pr\u00fcfer der Polizei macht mit den Kindern zun\u00e4chst eine Schulung und Praxisunterricht auf dem Schulhof. F\u00fcr die erfahrenen Kinder geht es dann auf die Pr\u00fcfungsstrecke. Diejenigen Kinder, die eine bestandene Theoriepr\u00fcfung haben, k\u00f6nnen dann die Praxispr\u00fcfung ablegen.<\/p>\n\n\n\n<p><strong>Hinweis:<\/strong> So weit ich es kenne, \u00fcberpr\u00fcft der Pr\u00fcfer von der Polizei die Fahrr\u00e4der vor der Pr\u00fcfung auf verkehrssichere Ausstattung. Ich bitte die Eltern, da noch mal ein Auge drauf zu haben.<\/p>\n\n\n\n<p>Die Initiative Mobilit\u00e4tswende Steinbergkirche stellt mindestens zwei Begleitpersonen.<\/p>\n\n\n\n<div class=\"wp-block-file\"><a href=\"https:\/\/www.zehnzebras.de\/wp-content\/uploads\/2020\/09\/2020-09-16-EMW_Stbgk-Fahrradpruefung.pdf\">Flyer Fahrradpruefung<\/a><a href=\"https:\/\/www.zehnzebras.de\/wp-content\/uploads\/2020\/09\/2020-09-16-EMW_Stbgk-Fahrradpruefung.pdf\" class=\"wp-block-file__button\" download>Herunterladen<\/a><\/div>\n\n\n\n<p>Die <strong>Anmeldung<\/strong> kann hier erfolgen:<\/p>\n","protected":false},"excerpt":{"rendered":"<p>Im Rahmen der Europ\u00e4ische Mobilit\u00e4tswoche in Steinbergkirche f\u00fchren wir nach etlichen Abstimmungs-Schwierigkeiten nun doch eine Fahrradpr\u00fcfung f\u00fcr die Grundsch\u00fcler in der 4.Klasse der Grundschule Steinbergkirche sowie die aus den Abgangsjahren &hellip; <\/p>\n<p class=\"link-more\"><a href=\"https:\/\/www.zehnzebras.de\/?page_id=190\" class=\"more-link\"><span class=\"screen-reader-text\">\u201eFahrradpr\u00fcfung f\u00fcr (ehemalige) Grundsch\u00fcler\u201c <\/span>weiterlesen<\/a><\/p>\n","protected":false},"author":2,"featured_media":201,"parent":0,"menu_order":0,"comment_status":"closed","ping_status":"closed","template":"","meta":{"footnotes":""},"class_list":["post-190","page","type-page","status-publish","has-post-thumbnail","hentry"],"_links":{"self":[{"href":"https:\/\/www.zehnzebras.de\/index.php?rest_route=\/wp\/v2\/pages\/190","targetHints":{"allow":["GET"]}}],"collection":[{"href":"https:\/\/www.zehnzebras.de\/index.php?rest_route=\/wp\/v2\/pages"}],"about":[{"href":"https:\/\/www.zehnzebras.de\/index.php?rest_route=\/wp\/v2\/types\/page"}],"author":[{"embeddable":true,"href":"https:\/\/www.zehnzebras.de\/index.php?rest_route=\/wp\/v2\/users\/2"}],"replies":[{"embeddable":true,"href":"https:\/\/www.zehnzebras.de\/index.php?rest_route=%2Fwp%2Fv2%2Fcomments&post=190"}],"version-history":[{"count":9,"href":"https:\/\/www.zehnzebras.de\/index.php?rest_route=\/wp\/v2\/pages\/190\/revisions"}],"predecessor-version":[{"id":557,"href":"https:\/\/www.zehnzebras.de\/index.php?rest_route=\/wp\/v2\/pages\/190\/revisions\/557"}],"wp:featuredmedia":[{"embeddable":true,"href":"https:\/\/www.zehnzebras.de\/index.php?rest_route=\/wp\/v2\/media\/201"}],"wp:attachment":[{"href":"https:\/\/www.zehnzebras.de\/index.php?rest_route=%2Fwp%2Fv2%2Fmedia&parent=190"}],"curies":[{"name":"wp","href":"https:\/\/api.w.org\/{rel}","templated":true}]}}