{"id":162,"date":"2020-09-06T07:58:15","date_gmt":"2020-09-06T07:58:15","guid":{"rendered":"https:\/\/www.zehnzebras.de\/?page_id=162"},"modified":"2021-07-14T16:42:44","modified_gmt":"2021-07-14T16:42:44","slug":"thematischer-spaziergang-barrierefreiheit-im-rahmen-der-europaeischen-mobilitaetswoche-steinbergwoche-2020","status":"publish","type":"page","link":"https:\/\/www.zehnzebras.de\/?page_id=162","title":{"rendered":"Thematischer Spaziergang &#8211; Barrierefreiheit im Rahmen der Europ\u00e4ischen Mobilit\u00e4tswoche Steinbergwoche 2020"},"content":{"rendered":"\n<p>Am <strong>Freitag, den 18. September 2020, findet von 15:00 bis ca. 17:00 Uhr<\/strong> der <strong>Thematische Spaziergang<\/strong>  in Steinbergkirche statt, um die <strong>Barrierefreiheit<\/strong> in der Gemeinde zu testen. Dazu sind Senioren und Behinderte mit Rollator, Rollstuhl oder e-Scooter herzlich eingeladen.<\/p>\n\n\n\n<p>Start und Ziel sind in der Stra\u00dfe <em>Am Wasserwerk<\/em> vor dem K\u00fcchenstudio. Wir wollen um 15:00 Uhr mit einem kleinen Rundgang durch das Zentrum der Gemeinde starten. Dabei f\u00fcllen Sie oder Begleitpersonen Frageb\u00f6gen aus, auf denen M\u00e4ngel an der barrierefreien Passage oder Zugang zu Geb\u00e4uden oder Gesch\u00e4ften festgehalten werden.<\/p>\n\n\n\n<p>Der Seniorenbeirat Steinbergkirche wird diese Informationen sammeln und an die Gemeindevertretung \u00fcbergeben.<\/p>\n\n\n\n<p>Wir h\u00e4tten gerne anschlie\u00dfend zu einer St\u00e4rkung eingeladen, k\u00f6nnen dies aber auf Grund der Hygieneregeln w\u00e4hrend der CORONA-Pandemie nicht durchf\u00fchren.<\/p>\n\n\n\n<p>Das <strong>Sanit\u00e4tshaus Sch\u00fctt &amp; Jahn<\/strong> aus Handewitt wird vor dem K\u00fcchenstudio einen eigenen Info-Stand aufbauen und auch Rollatoren, Rollst\u00fchle und ggf. auch e-Scooter ausstellen.<\/p>\n\n\n\n<p><strong><span class=\"has-inline-color has-vivid-red-color\">Melden Sie sich bitte f\u00fcr diese Aktion an, entweder per Email oder telefonisch. F\u00fcr den Aufenthalt im Info-Bereich bitten wir alle Teilnehmer und Besucher um die Einhaltung der Hygienema\u00dfnahmen im Rahmen der CORONA-Pandemie.<\/span><\/strong><\/p>\n\n\n\n<div class=\"wp-block-file\"><a href=\"https:\/\/www.zehnzebras.de\/wp-content\/uploads\/2020\/09\/2020-08-31-EMW_Stbgk-Hz_Spaziergang.pdf\">20200831-Flyer_Thematischer_Spaziergang<\/a><a href=\"https:\/\/www.zehnzebras.de\/wp-content\/uploads\/2020\/09\/2020-08-31-EMW_Stbgk-Hz_Spaziergang.pdf\" class=\"wp-block-file__button\" download>Herunterladen<\/a><\/div>\n\n\n\n<p><\/p>\n","protected":false},"excerpt":{"rendered":"<p>Am Freitag, den 18. September 2020, findet von 15:00 bis ca. 17:00 Uhr der Thematische Spaziergang in Steinbergkirche statt, um die Barrierefreiheit in der Gemeinde zu testen. Dazu sind Senioren &hellip; <\/p>\n<p class=\"link-more\"><a href=\"https:\/\/www.zehnzebras.de\/?page_id=162\" class=\"more-link\"><span class=\"screen-reader-text\">\u201eThematischer Spaziergang &#8211; Barrierefreiheit im Rahmen der Europ\u00e4ischen Mobilit\u00e4tswoche Steinbergwoche 2020\u201c <\/span>weiterlesen<\/a><\/p>\n","protected":false},"author":2,"featured_media":167,"parent":0,"menu_order":0,"comment_status":"closed","ping_status":"closed","template":"","meta":{"footnotes":""},"class_list":["post-162","page","type-page","status-publish","has-post-thumbnail","hentry"],"_links":{"self":[{"href":"https:\/\/www.zehnzebras.de\/index.php?rest_route=\/wp\/v2\/pages\/162","targetHints":{"allow":["GET"]}}],"collection":[{"href":"https:\/\/www.zehnzebras.de\/index.php?rest_route=\/wp\/v2\/pages"}],"about":[{"href":"https:\/\/www.zehnzebras.de\/index.php?rest_route=\/wp\/v2\/types\/page"}],"author":[{"embeddable":true,"href":"https:\/\/www.zehnzebras.de\/index.php?rest_route=\/wp\/v2\/users\/2"}],"replies":[{"embeddable":true,"href":"https:\/\/www.zehnzebras.de\/index.php?rest_route=%2Fwp%2Fv2%2Fcomments&post=162"}],"version-history":[{"count":4,"href":"https:\/\/www.zehnzebras.de\/index.php?rest_route=\/wp\/v2\/pages\/162\/revisions"}],"predecessor-version":[{"id":559,"href":"https:\/\/www.zehnzebras.de\/index.php?rest_route=\/wp\/v2\/pages\/162\/revisions\/559"}],"wp:featuredmedia":[{"embeddable":true,"href":"https:\/\/www.zehnzebras.de\/index.php?rest_route=\/wp\/v2\/media\/167"}],"wp:attachment":[{"href":"https:\/\/www.zehnzebras.de\/index.php?rest_route=%2Fwp%2Fv2%2Fmedia&parent=162"}],"curies":[{"name":"wp","href":"https:\/\/api.w.org\/{rel}","templated":true}]}}