{"id":1292,"date":"2026-05-03T19:15:00","date_gmt":"2026-05-03T19:15:00","guid":{"rendered":"https:\/\/www.zehnzebras.de\/?page_id=1292"},"modified":"2026-05-03T19:15:00","modified_gmt":"2026-05-03T19:15:00","slug":"doerpsmobil-steinbergkirche","status":"publish","type":"page","link":"https:\/\/www.zehnzebras.de\/?page_id=1292","title":{"rendered":"D\u00f6rpsmobil Steinbergkirche"},"content":{"rendered":"\n<figure class=\"wp-block-image size-full\"><img loading=\"lazy\" decoding=\"async\" width=\"512\" height=\"768\" src=\"https:\/\/www.zehnzebras.de\/wp-content\/uploads\/2026\/05\/202605-02-MB-Doerpsmobiljpg512x768.jpg\" alt=\"\" class=\"wp-image-1293\" srcset=\"https:\/\/www.zehnzebras.de\/wp-content\/uploads\/2026\/05\/202605-02-MB-Doerpsmobiljpg512x768.jpg 512w, https:\/\/www.zehnzebras.de\/wp-content\/uploads\/2026\/05\/202605-02-MB-Doerpsmobiljpg512x768-200x300.jpg 200w, https:\/\/www.zehnzebras.de\/wp-content\/uploads\/2026\/05\/202605-02-MB-Doerpsmobiljpg512x768-40x60.jpg 40w, https:\/\/www.zehnzebras.de\/wp-content\/uploads\/2026\/05\/202605-02-MB-Doerpsmobiljpg512x768-67x100.jpg 67w\" sizes=\"auto, (max-width: 512px) 100vw, 512px\" \/><\/figure>\n\n\n\n<p>Die Gemeinde Steinbergkirche plant die Anschaffung eines D\u00f6rpsmobils, das an der <strong>Mobilit\u00e4tsstation Am Wasserwerk<\/strong> positioniert werden soll. <strong>Jeder registrierte B\u00fcrger<\/strong> mit g\u00fcltigem F\u00fchrerschein darf es kosteng\u00fcnstig ausleihen.<\/p>\n\n\n\n<p>Mobilit\u00e4tseingeschr\u00e4nkte B\u00fcrger k\u00f6nnen das <strong>D\u00f6rpsmobil Steinbergkirche<\/strong> mit FahrerIn buchen und damit ggf. auf ein eigenes Auto verzichten.<\/p>\n\n\n\n<p>Das <strong>D\u00f6rpsmobil Steinbergkirche<\/strong> soll nat\u00fcrlich ein Elektro-Pkw sein und kann so das eine oder andere Zweitauto ersetzen.<\/p>\n\n\n\n<h2 class=\"wp-block-heading\">D\u00f6rpsmobil in Schleswig-Holstein<\/h2>\n\n\n\n<p>Es gibt bereits etliche Orte, in denen ein D\u00f6rpsmobil betrieben wird, sei es als Kommune oder als Verein. N\u00e4here Informationen dazu gibt es bei <strong><a href=\"https:\/\/www.doerpsmobil-sh.de\/\">D\u00f6rpsmobil-SH<\/a><\/strong> unter <a href=\"https:\/\/www.doerpsmobil-sh.de\/\">https:\/\/www.doerpsmobil-sh.de\/<\/a>.<\/p>\n\n\n\n<p>Unser Organisations-Team steht bereits in engem Kontakt mit den Botschaftern, auch um die Ausstattung kosteng\u00fcnstig und f\u00f6rderf\u00e4hig  auf die Beine zu stellen.<\/p>\n\n\n\n<h2 class=\"wp-block-heading\">Sie sind interessiert?<\/h2>\n\n\n\n<p>F\u00fcllen Sie das nachfolgende Formular aus, mit Klick auf die Absenden-Taste werden die Informationen direkt an das Organisations-Team gesendet. Die Daten werden nicht auf einem Webserver gespeichert.<\/p>\n\n\n<div class=\"wpforms-container wpforms-container-full wpforms-block wpforms-block-dde2ad59-af9c-4088-b3dd-d5086b9aca4d\" id=\"wpforms-1289\"><form id=\"wpforms-form-1289\" class=\"wpforms-validate wpforms-form\" data-formid=\"1289\" method=\"post\" enctype=\"multipart\/form-data\" action=\"\/index.php?rest_route=%2Fwp%2Fv2%2Fpages%2F1292\" data-token=\"5bce3ebb4423748a38aee90ff70bd772\" data-token-time=\"1778843849\"><noscript class=\"wpforms-error-noscript\">Bitte aktiviere JavaScript in deinem Browser, um dieses Formular fertigzustellen.<\/noscript><div class=\"wpforms-field-container\"><div id=\"wpforms-1289-field_0-container\" class=\"wpforms-field wpforms-field-name\" data-field-id=\"0\"><label class=\"wpforms-field-label\">Name <span class=\"wpforms-required-label\">*<\/span><\/label><div class=\"wpforms-field-row wpforms-field-medium\"><div class=\"wpforms-field-row-block wpforms-first wpforms-one-half\"><input type=\"text\" id=\"wpforms-1289-field_0\" class=\"wpforms-field-name-first wpforms-field-required\" name=\"wpforms[fields][0][first]\" required><label for=\"wpforms-1289-field_0\" class=\"wpforms-field-sublabel after\">Vorname<\/label><\/div><div class=\"wpforms-field-row-block wpforms-one-half\"><input type=\"text\" id=\"wpforms-1289-field_0-last\" class=\"wpforms-field-name-last wpforms-field-required\" name=\"wpforms[fields][0][last]\" required><label for=\"wpforms-1289-field_0-last\" class=\"wpforms-field-sublabel after\">Nachname<\/label><\/div><\/div><\/div><div id=\"wpforms-1289-field_6-container\" class=\"wpforms-field wpforms-field-text\" data-field-id=\"6\"><label class=\"wpforms-field-label\" for=\"wpforms-1289-field_6\">PLZ Gemeinde (1. Wohnsitz) <span class=\"wpforms-required-label\">*<\/span><\/label><input type=\"text\" id=\"wpforms-1289-field_6\" class=\"wpforms-field-medium wpforms-field-required\" name=\"wpforms[fields][6]\" required><\/div><div id=\"wpforms-1289-field_1-container\" class=\"wpforms-field wpforms-field-email\" data-field-id=\"1\"><label class=\"wpforms-field-label\" for=\"wpforms-1289-field_1\">E-Mail <span class=\"wpforms-required-label\">*<\/span><\/label><input type=\"email\" id=\"wpforms-1289-field_1\" class=\"wpforms-field-medium wpforms-field-required\" name=\"wpforms[fields][1]\" spellcheck=\"false\" required><\/div><div id=\"wpforms-1289-field_4-container\" class=\"wpforms-field wpforms-field-number\" data-field-id=\"4\"><label class=\"wpforms-field-label\" for=\"wpforms-1289-field_4\">Telefon (am Besten Mobil)<\/label><input type=\"number\" id=\"wpforms-1289-field_4\" class=\"wpforms-field-medium\" name=\"wpforms[fields][4]\" step=\"any\" ><div class=\"wpforms-field-description\">Bitte starten Sie die Rufnummer mit der Landesvorwahl (z.B. +49) und lassen die sonst f\u00fchrende Null weg<\/div><\/div><div id=\"wpforms-1289-field_3-container\" class=\"wpforms-field wpforms-field-radio\" data-field-id=\"3\"><label class=\"wpforms-field-label\">Ich m\u00f6chte mitmachen beim D\u00f6rpsmobil <span class=\"wpforms-required-label\">*<\/span><\/label><ul id=\"wpforms-1289-field_3\" class=\"wpforms-field-required\"><li class=\"choice-1 depth-1\"><input type=\"radio\" id=\"wpforms-1289-field_3_1\" name=\"wpforms[fields][3]\" value=\"ich bin interessiert am Projekt D\u00f6rpsmobil Steinbergkirche und w\u00fcrde das bisherige Team gerne unterst\u00fctzen\" required ><label class=\"wpforms-field-label-inline\" for=\"wpforms-1289-field_3_1\">ich bin interessiert am Projekt D\u00f6rpsmobil Steinbergkirche und w\u00fcrde das bisherige Team gerne unterst\u00fctzen<\/label><\/li><li class=\"choice-2 depth-1\"><input type=\"radio\" id=\"wpforms-1289-field_3_2\" name=\"wpforms[fields][3]\" value=\"ich m\u00f6chte das D\u00f6rpsmobil privat nutzen\" required ><label class=\"wpforms-field-label-inline\" for=\"wpforms-1289-field_3_2\">ich m\u00f6chte das D\u00f6rpsmobil privat nutzen<\/label><\/li><li class=\"choice-3 depth-1\"><input type=\"radio\" id=\"wpforms-1289-field_3_3\" name=\"wpforms[fields][3]\" value=\"ich w\u00fcrde auch ehrenamtlich als Fahrer einspringen\" required ><label class=\"wpforms-field-label-inline\" for=\"wpforms-1289-field_3_3\">ich w\u00fcrde auch ehrenamtlich als Fahrer einspringen<\/label><\/li><\/ul><div class=\"wpforms-field-description\">Fragen zur aktiven Teilnahme am Projekt D\u00f6rpsmobil Steinbergkirche<\/div><\/div><div id=\"wpforms-1289-field_2-container\" class=\"wpforms-field wpforms-field-textarea\" data-field-id=\"2\"><label class=\"wpforms-field-label\" for=\"wpforms-1289-field_2\">Anmerkungen<\/label><textarea id=\"wpforms-1289-field_2\" class=\"wpforms-field-medium\" name=\"wpforms[fields][2]\" ><\/textarea><\/div><\/div><!-- .wpforms-field-container --><div class=\"wpforms-recaptcha-container wpforms-is-hcaptcha\" ><div class=\"h-captcha\" data-sitekey=\"6f3094e7-f0d8-43a8-90ec-02f21fddfc19\"><\/div><input type=\"text\" name=\"g-recaptcha-hidden\" class=\"wpforms-recaptcha-hidden\" style=\"position:absolute!important;clip:rect(0,0,0,0)!important;height:1px!important;width:1px!important;border:0!important;overflow:hidden!important;padding:0!important;margin:0!important;\" data-rule-hcaptcha=\"1\"><\/div><div class=\"wpforms-submit-container\" ><input type=\"hidden\" name=\"wpforms[id]\" value=\"1289\"><input type=\"hidden\" name=\"page_title\" value=\"\"><input type=\"hidden\" name=\"page_url\" value=\"https:\/\/www.zehnzebras.de\/index.php?rest_route=\/wp\/v2\/pages\/1292\"><input type=\"hidden\" name=\"url_referer\" value=\"\"><button type=\"submit\" name=\"wpforms[submit]\" id=\"wpforms-submit-1289\" class=\"wpforms-submit\" data-alt-text=\"Senden...\" data-submit-text=\"Absenden\" aria-live=\"assertive\" value=\"wpforms-submit\">Absenden<\/button><\/div><\/form><\/div>  <!-- .wpforms-container -->\n\n\n<p>Danke f\u00fcrs Lesen und eventuell f\u00fcr die Teilnahme &#8211; Das Organisations-Team<\/p>\n","protected":false},"excerpt":{"rendered":"<p>Die Gemeinde Steinbergkirche plant die Anschaffung eines D\u00f6rpsmobils, das an der Mobilit\u00e4tsstation Am Wasserwerk positioniert werden soll. Jeder registrierte B\u00fcrger mit g\u00fcltigem F\u00fchrerschein darf es kosteng\u00fcnstig ausleihen. Mobilit\u00e4tseingeschr\u00e4nkte B\u00fcrger k\u00f6nnen &hellip; <\/p>\n<p class=\"link-more\"><a href=\"https:\/\/www.zehnzebras.de\/?page_id=1292\" class=\"more-link\"><span class=\"screen-reader-text\">\u201eD\u00f6rpsmobil Steinbergkirche\u201c <\/span>weiterlesen<\/a><\/p>\n","protected":false},"author":2,"featured_media":0,"parent":0,"menu_order":0,"comment_status":"closed","ping_status":"closed","template":"","meta":{"footnotes":""},"class_list":["post-1292","page","type-page","status-publish","hentry"],"_links":{"self":[{"href":"https:\/\/www.zehnzebras.de\/index.php?rest_route=\/wp\/v2\/pages\/1292","targetHints":{"allow":["GET"]}}],"collection":[{"href":"https:\/\/www.zehnzebras.de\/index.php?rest_route=\/wp\/v2\/pages"}],"about":[{"href":"https:\/\/www.zehnzebras.de\/index.php?rest_route=\/wp\/v2\/types\/page"}],"author":[{"embeddable":true,"href":"https:\/\/www.zehnzebras.de\/index.php?rest_route=\/wp\/v2\/users\/2"}],"replies":[{"embeddable":true,"href":"https:\/\/www.zehnzebras.de\/index.php?rest_route=%2Fwp%2Fv2%2Fcomments&post=1292"}],"version-history":[{"count":1,"href":"https:\/\/www.zehnzebras.de\/index.php?rest_route=\/wp\/v2\/pages\/1292\/revisions"}],"predecessor-version":[{"id":1294,"href":"https:\/\/www.zehnzebras.de\/index.php?rest_route=\/wp\/v2\/pages\/1292\/revisions\/1294"}],"wp:attachment":[{"href":"https:\/\/www.zehnzebras.de\/index.php?rest_route=%2Fwp%2Fv2%2Fmedia&parent=1292"}],"curies":[{"name":"wp","href":"https:\/\/api.w.org\/{rel}","templated":true}]}}