{"id":108,"date":"2020-08-11T09:44:20","date_gmt":"2020-08-11T09:44:20","guid":{"rendered":"http:\/\/www.zehnzebras.de\/?page_id=108"},"modified":"2020-09-16T16:53:57","modified_gmt":"2020-09-16T16:53:57","slug":"e-mobilitaet-europaeische-mobilitaetswoche","status":"publish","type":"page","link":"https:\/\/www.zehnzebras.de\/?page_id=108","title":{"rendered":"E-Mobilit\u00e4t Europ\u00e4ische Mobilit\u00e4tswoche"},"content":{"rendered":"\n<p>Am <strong>Samstag, den 19. September 2020, findet von 11:00 bis 17:00 Uhr<\/strong> eine Ausstellung von e-Mobilit\u00e4t in Steinbergkirche statt.<\/p>\n\n\n\n<p>Als Ort haben wir am 18.08.2020 den Vorplatz zum Amtsgeb\u00e4ude einschlie\u00dflich des gegen\u00fcber liegenden Parkplatzes festgelegt.<\/p>\n\n\n\n<p><strong>Renault Hartwigsen<\/strong> hat sich bereit erkl\u00e4rt,<\/p>\n\n\n\n<ul class=\"wp-block-list\"><li><span class=\"has-inline-color has-vivid-green-cyan-color\">Autos mit e-Antrieb<\/span> auszustellen und ggf. auch f\u00fcr Probefahrten einladen<\/li><li><span class=\"has-inline-color has-vivid-green-cyan-color\">e-Fahrr\u00e4der<\/span> auszustellen und zu den Themen zu beraten<\/li><\/ul>\n\n\n\n<p><strong>Fahrrad Petersen<\/strong> aus Flensburg will<\/p>\n\n\n\n<ul class=\"wp-block-list\"><li><span class=\"has-inline-color has-vivid-green-cyan-color\">Lastenr\u00e4der<\/span> zur Verf\u00fcgung stellen und ggf. auch Probefahrten erlauben<\/li><\/ul>\n\n\n\n<p>Wir von der Initiative Mobilit\u00e4tswende stellen einen Info-Stand auf und informieren auch \u00fcber Dorfshuttle und B\u00fcrgerbus sowie andere Angebote f\u00fcr Bewegung und Mobilit\u00e4t.<\/p>\n\n\n\n<p><strong>Fahrrad Ebsen<\/strong> aus Dollerup kann leider keine Fahrr\u00e4der zur Ausstellung bringen, da seine Verkaufsfl\u00e4chen umgebaut werden.<\/p>\n\n\n\n<p><span class=\"has-inline-color has-vivid-red-color\"><strong>Wir f\u00fchren f\u00fcr diese Veranstaltung kein allgemeines Anmeldeverfahren durch, verweisen jedoch auf die Einhaltung der Hygienema\u00dfnahmen im Rahmen der CORONA-Pandemie.<\/strong><\/span><\/p>\n\n\n\n<p>Wer jedoch gerne eine Probefahrt  mit einem e-Auto oder Lastenrad machen m\u00f6chte, melde sich bitte in diesem Formular an, wenn es frei geschaltet ist.<\/p>\n\n\n\n<div class=\"wp-block-file\"><a href=\"https:\/\/www.zehnzebras.de\/wp-content\/uploads\/2020\/09\/2020-08-30-EMW_Stbgk-eMobilitaet.pdf\">20200830_Flyer-eMobilitaet<\/a><a href=\"https:\/\/www.zehnzebras.de\/wp-content\/uploads\/2020\/09\/2020-08-30-EMW_Stbgk-eMobilitaet.pdf\" class=\"wp-block-file__button\" download>Herunterladen<\/a><\/div>\n\n\n\n<p><\/p>\n","protected":false},"excerpt":{"rendered":"<p>Am Samstag, den 19. September 2020, findet von 11:00 bis 17:00 Uhr eine Ausstellung von e-Mobilit\u00e4t in Steinbergkirche statt. Als Ort haben wir am 18.08.2020 den Vorplatz zum Amtsgeb\u00e4ude einschlie\u00dflich &hellip; <\/p>\n<p class=\"link-more\"><a href=\"https:\/\/www.zehnzebras.de\/?page_id=108\" class=\"more-link\"><span class=\"screen-reader-text\">\u201eE-Mobilit\u00e4t Europ\u00e4ische Mobilit\u00e4tswoche\u201c <\/span>weiterlesen<\/a><\/p>\n","protected":false},"author":2,"featured_media":0,"parent":0,"menu_order":0,"comment_status":"closed","ping_status":"closed","template":"","meta":{"footnotes":""},"class_list":["post-108","page","type-page","status-publish","hentry"],"_links":{"self":[{"href":"https:\/\/www.zehnzebras.de\/index.php?rest_route=\/wp\/v2\/pages\/108","targetHints":{"allow":["GET"]}}],"collection":[{"href":"https:\/\/www.zehnzebras.de\/index.php?rest_route=\/wp\/v2\/pages"}],"about":[{"href":"https:\/\/www.zehnzebras.de\/index.php?rest_route=\/wp\/v2\/types\/page"}],"author":[{"embeddable":true,"href":"https:\/\/www.zehnzebras.de\/index.php?rest_route=\/wp\/v2\/users\/2"}],"replies":[{"embeddable":true,"href":"https:\/\/www.zehnzebras.de\/index.php?rest_route=%2Fwp%2Fv2%2Fcomments&post=108"}],"version-history":[{"count":6,"href":"https:\/\/www.zehnzebras.de\/index.php?rest_route=\/wp\/v2\/pages\/108\/revisions"}],"predecessor-version":[{"id":200,"href":"https:\/\/www.zehnzebras.de\/index.php?rest_route=\/wp\/v2\/pages\/108\/revisions\/200"}],"wp:attachment":[{"href":"https:\/\/www.zehnzebras.de\/index.php?rest_route=%2Fwp%2Fv2%2Fmedia&parent=108"}],"curies":[{"name":"wp","href":"https:\/\/api.w.org\/{rel}","templated":true}]}}